{"id":865,"date":"2019-09-10T15:20:12","date_gmt":"2019-09-10T13:20:12","guid":{"rendered":"https:\/\/gb.kstw.de\/2020\/?page_id=865"},"modified":"2021-09-08T21:22:49","modified_gmt":"2021-09-08T19:22:49","slug":"bilanz","status":"publish","type":"page","link":"https:\/\/gb.kstw.de\/2020\/bilanz\/","title":{"rendered":"Bilanz"},"content":{"rendered":"<div class=\"wpb-content-wrapper\"><p>[vc_row full_width=&#8220;stretch_row&#8220; css=&#8220;.vc_custom_1567754695980{padding-top: 5% !important;padding-bottom: 5% !important;background-color: #ffd600 !important;}&#8220;][vc_column][vc_column_text css=&#8220;.vc_custom_1568199552083{margin-bottom: 0px !important;border-bottom-width: 0px !important;padding-bottom: 10px !important;}&#8220;]<\/p>\n<h1><span style=\"color: #ffffff;\">Bilanz<\/span><\/h1>\n<p>[\/vc_column_text][vc_custom_heading text=&#8220;f\u00fcr das Gesch\u00e4ftsjahr 2020 des K\u00f6lner Studierendenwerks&#8220; font_container=&#8220;tag:p|font_size:20|text_align:left|color:%23323434&#8243; use_theme_fonts=&#8220;yes&#8220;][\/vc_column][\/vc_row][vc_row css=&#8220;.vc_custom_1568121661963{padding-top: 5% !important;padding-bottom: 5% !important;}&#8220;][vc_column][vc_column_text]<img loading=\"lazy\" decoding=\"async\" class=\"alignnone size-full wp-image-2858\" src=\"https:\/\/gb.kstw.de\/2020\/wp-content\/uploads\/sites\/4\/2021\/08\/Bilanz.svg\" alt=\"\" width=\"1600\" height=\"901\" \/>[\/vc_column_text][\/vc_column][\/vc_row][vc_row full_width=&#8220;stretch_row&#8220; equal_height=&#8220;yes&#8220; content_placement=&#8220;middle&#8220; css=&#8220;.vc_custom_1568199074483{margin-top: 5% !important;padding-top: 2% !important;padding-bottom: 5% !important;background-color: #f2f2f2 !important;}&#8220;][vc_column width=&#8220;2\/3&#8243;][vc_column_text]<\/p>\n<h3><span style=\"color: #323434;\"><strong>Downloads<\/strong><\/span><\/h3>\n<p>[\/vc_column_text][vc_separator color=&#8220;custom&#8220; accent_color=&#8220;#323434&#8243; css=&#8220;.vc_custom_1568193703701{margin-bottom: 0px !important;border-bottom-width: 0px !important;padding-bottom: 0px !important;}&#8220;][vc_row_inner css=&#8220;.vc_custom_1568193588231{margin-top: 0px !important;border-top-width: 0px !important;padding-top: 0px !important;}&#8220;][vc_column_inner width=&#8220;2\/3&#8243; css=&#8220;.vc_custom_1568193860467{margin-top: 0px !important;margin-bottom: 0px !important;border-top-width: 0px !important;border-bottom-width: 0px !important;padding-top: 10px !important;padding-bottom: 0px !important;}&#8220;][vc_column_text css=&#8220;.vc_custom_1631128960237{margin-top: 0px !important;margin-bottom: 0px !important;border-top-width: 0px !important;border-bottom-width: 0px !important;padding-top: 10px !important;padding-bottom: 10px !important;}&#8220;]<img decoding=\"async\" class=\"alignleft wp-image-980\" src=\"https:\/\/gb.kstw.de\/2020\/wp-content\/uploads\/sites\/4\/2019\/09\/blatt-einzelseite.svg\" alt=\"\" width=\"20\" \/><strong><a href=\"https:\/\/gb.kstw.de\/2020\/wp-content\/uploads\/sites\/4\/2021\/09\/GB2020_FINANZTEIL_Bilanz.pdf\" target=\"_blank\" rel=\"noopener noreferrer\">Bilanz<\/a> \u2013 <\/strong><em>2<\/em><em>\u00a0Seiten, PDF (46 KB)<\/em>[\/vc_column_text][\/vc_column_inner][vc_column_inner el_class=&#8220;downloads&#8220; width=&#8220;1\/3&#8243; css=&#8220;.vc_custom_1569318735317{margin-top: 0px !important;margin-bottom: 0px !important;border-top-width: 0px !important;border-bottom-width: 0px !important;padding-top: 10px !important;padding-bottom: 0px !important;}&#8220;][vc_column_text css=&#8220;.vc_custom_1631128967640{margin-top: 0px !important;margin-bottom: 0px !important;border-top-width: 0px !important;border-bottom-width: 0px !important;padding-top: 10px !important;padding-bottom: 10px !important;}&#8220;]<\/p>\n<p style=\"text-align: right;\"><a href=\"https:\/\/gb.kstw.de\/2020\/wp-content\/uploads\/sites\/4\/2021\/09\/GB2020_FINANZTEIL_Bilanz.pdf\" target=\"_blank\" rel=\"noopener noreferrer\">Download<\/a><a href=\"https:\/\/gb.kstw.de\/2020\/wp-content\/uploads\/sites\/4\/2019\/09\/GB2019_Bilanz.pdf\" target=\"_blank\" rel=\"noopener noreferrer\"><img loading=\"lazy\" decoding=\"async\" class=\"alignright wp-image-952\" src=\"https:\/\/gb.kstw.de\/2020\/wp-content\/uploads\/sites\/4\/2019\/09\/download-werk.svg\" alt=\"\" width=\"20\" height=\"20\" \/><\/a><\/p>\n<p>[\/vc_column_text][\/vc_column_inner][\/vc_row_inner][vc_separator color=&#8220;custom&#8220; accent_color=&#8220;#323434&#8243; css=&#8220;.vc_custom_1568193853325{margin-top: 0px !important;margin-bottom: 0px !important;border-top-width: 0px !important;border-bottom-width: 0px !important;padding-top: 0px !important;padding-bottom: 0px !important;}&#8220;][vc_row_inner css=&#8220;.vc_custom_1568193588231{margin-top: 0px !important;border-top-width: 0px !important;padding-top: 0px !important;}&#8220;][vc_column_inner width=&#8220;2\/3&#8243; css=&#8220;.vc_custom_1568193860467{margin-top: 0px !important;margin-bottom: 0px !important;border-top-width: 0px !important;border-bottom-width: 0px !important;padding-top: 10px !important;padding-bottom: 0px !important;}&#8220;][vc_column_text css=&#8220;.vc_custom_1630927931733{margin-top: 0px !important;margin-bottom: 0px !important;border-top-width: 0px !important;border-bottom-width: 0px !important;padding-top: 10px !important;padding-bottom: 10px !important;}&#8220;]<img decoding=\"async\" class=\"alignleft wp-image-981\" src=\"https:\/\/gb.kstw.de\/2020\/wp-content\/uploads\/sites\/4\/2019\/09\/blatt-mehrere-seiten.svg\" alt=\"\" width=\"20\" \/><strong><a href=\"https:\/\/gb.kstw.de\/2020\/wp-content\/uploads\/sites\/4\/2019\/09\/GB2020_FINANZTEIL_web.pdf\" target=\"_blank\" rel=\"noopener noreferrer\">Kompletter Finanzbericht<\/a> <\/strong>\u2013\u00a0<em>35 Seiten, PDF (1,5 MB)<\/em>[\/vc_column_text][\/vc_column_inner][vc_column_inner el_class=&#8220;downloads&#8220; width=&#8220;1\/3&#8243; css=&#8220;.vc_custom_1569318738004{margin-top: 0px !important;margin-bottom: 0px !important;border-top-width: 0px !important;border-bottom-width: 0px !important;padding-top: 10px !important;padding-bottom: 0px !important;}&#8220;][vc_column_text css=&#8220;.vc_custom_1569255118501{margin-top: 0px !important;margin-bottom: 0px !important;border-top-width: 0px !important;border-bottom-width: 0px !important;padding-top: 10px !important;padding-bottom: 10px !important;}&#8220;]<\/p>\n<p style=\"text-align: right;\"><a href=\"https:\/\/gb.kstw.de\/2020\/wp-content\/uploads\/sites\/4\/2019\/09\/GB2020_FINANZTEIL_web.pdf\" target=\"_blank\" rel=\"noopener noreferrer\">Download<\/a><a href=\"https:\/\/gb.kstw.de\/2020\/wp-content\/uploads\/sites\/4\/2019\/09\/GB2020_FINANZTEIL_web.pdf\" target=\"_blank\" rel=\"noopener noreferrer\"><img loading=\"lazy\" decoding=\"async\" class=\"alignright wp-image-952\" src=\"https:\/\/gb.kstw.de\/2020\/wp-content\/uploads\/sites\/4\/2019\/09\/download-werk.svg\" alt=\"\" width=\"20\" height=\"20\" \/><\/a><\/p>\n<p>[\/vc_column_text][\/vc_column_inner][\/vc_row_inner][vc_separator color=&#8220;custom&#8220; accent_color=&#8220;#323434&#8243; css=&#8220;.vc_custom_1568193853325{margin-top: 0px !important;margin-bottom: 0px !important;border-top-width: 0px !important;border-bottom-width: 0px !important;padding-top: 0px !important;padding-bottom: 0px !important;}&#8220;][\/vc_column][vc_column width=&#8220;1\/3&#8243;][\/vc_column][\/vc_row]<\/p>\n<\/div>","protected":false},"excerpt":{"rendered":"<p>[vc_row full_width=&#8220;stretch_row&#8220; css=&#8220;.vc_custom_1567754695980{padding-top: 5% !important;padding-bottom: 5% !important;background-color: #ffd600 !important;}&#8220;][vc_column][vc_column_text css=&#8220;.vc_custom_1568199552083{margin-bottom: 0px !important;border-bottom-width: 0px !important;padding-bottom: 10px !important;}&#8220;] Bilanz [\/vc_column_text][vc_custom_heading text=&#8220;f\u00fcr das Gesch\u00e4ftsjahr 2020 des K\u00f6lner Studierendenwerks&#8220; font_container=&#8220;tag:p|font_size:20|text_align:left|color:%23323434&#8243; use_theme_fonts=&#8220;yes&#8220;][\/vc_column][\/vc_row][vc_row css=&#8220;.vc_custom_1568121661963{padding-top: 5% !important;padding-bottom: 5% !important;}&#8220;][vc_column][vc_column_text][\/vc_column_text][\/vc_column][\/vc_row][vc_row full_width=&#8220;stretch_row&#8220; equal_height=&#8220;yes&#8220; content_placement=&#8220;middle&#8220; css=&#8220;.vc_custom_1568199074483{margin-top: 5% !important;padding-top: 2% !important;padding-bottom: 5% !important;background-color: #f2f2f2 !important;}&#8220;][vc_column width=&#8220;2\/3&#8243;][vc_column_text] Downloads [\/vc_column_text][vc_separator color=&#8220;custom&#8220; accent_color=&#8220;#323434&#8243; css=&#8220;.vc_custom_1568193703701{margin-bottom: 0px !important;border-bottom-width: 0px !important;padding-bottom: 0px&hellip;<\/p>\n","protected":false},"author":2,"featured_media":0,"parent":0,"menu_order":0,"comment_status":"closed","ping_status":"closed","template":"","meta":{"inline_featured_image":false,"footnotes":""},"class_list":["post-865","page","type-page","status-publish","hentry","description-off"],"_links":{"self":[{"href":"https:\/\/gb.kstw.de\/2020\/wp-json\/wp\/v2\/pages\/865","targetHints":{"allow":["GET"]}}],"collection":[{"href":"https:\/\/gb.kstw.de\/2020\/wp-json\/wp\/v2\/pages"}],"about":[{"href":"https:\/\/gb.kstw.de\/2020\/wp-json\/wp\/v2\/types\/page"}],"author":[{"embeddable":true,"href":"https:\/\/gb.kstw.de\/2020\/wp-json\/wp\/v2\/users\/2"}],"replies":[{"embeddable":true,"href":"https:\/\/gb.kstw.de\/2020\/wp-json\/wp\/v2\/comments?post=865"}],"version-history":[{"count":14,"href":"https:\/\/gb.kstw.de\/2020\/wp-json\/wp\/v2\/pages\/865\/revisions"}],"predecessor-version":[{"id":3141,"href":"https:\/\/gb.kstw.de\/2020\/wp-json\/wp\/v2\/pages\/865\/revisions\/3141"}],"wp:attachment":[{"href":"https:\/\/gb.kstw.de\/2020\/wp-json\/wp\/v2\/media?parent=865"}],"curies":[{"name":"wp","href":"https:\/\/api.w.org\/{rel}","templated":true}]}}